{"id":38,"date":"2017-05-01T11:06:22","date_gmt":"2017-05-01T10:06:22","guid":{"rendered":"http:\/\/orgues-agde.fr\/?page_id=38"},"modified":"2025-07-21T18:13:58","modified_gmt":"2025-07-21T17:13:58","slug":"devenir-membre","status":"publish","type":"page","link":"http:\/\/orgues-agde.fr\/index.php\/devenir-membre\/","title":{"rendered":"Devenir membre"},"content":{"rendered":"\n<figure class=\"wp-block-image size-full\"><img loading=\"lazy\" decoding=\"async\" width=\"720\" height=\"960\" src=\"http:\/\/orgues-agde.fr\/wp-content\/uploads\/2025\/07\/Diapositive2-2.jpg\" alt=\"\" class=\"wp-image-660\" srcset=\"http:\/\/orgues-agde.fr\/wp-content\/uploads\/2025\/07\/Diapositive2-2.jpg 720w, http:\/\/orgues-agde.fr\/wp-content\/uploads\/2025\/07\/Diapositive2-2-225x300.jpg 225w\" sizes=\"(max-width: 720px) 100vw, 720px\" \/><\/figure>\n\n\n<ol>\n<li>T\u00e9l\u00e9charger ou imprimer le bulletin d&#8217;adh\u00e9sion<\/li>\n<li>Le renseigner, l&#8217;envoyer par mail \u00e0 l&#8217;adresse indiqu\u00e9e<\/li>\n<li>Envoyer ou d\u00e9poser, avec votre r\u00e8glement, \u00e0<br \/>Orgues en Val d&#8217;H\u00e9rault<br \/>28 chemin du P\u00e8re Maurel<br \/>34300 AGDE<\/li>\n<li>Vous pouvez aussi effectuer un virement bancaire, voir RIB sur le bulletin: n&#8217;oubliez pas d&#8217;envoyer par mail vos coordonn\u00e9es!<\/li>\n<li>Vous recevrez votre re\u00e7u et serez inform\u00e9(e) r\u00e9guli\u00e8rement des activit\u00e9s de l&#8217;association.<\/li>\n<\/ol>","protected":false},"excerpt":{"rendered":"<p>T\u00e9l\u00e9charger ou imprimer le bulletin d&#8217;adh\u00e9sion Le renseigner, l&#8217;envoyer par mail \u00e0 l&#8217;adresse indiqu\u00e9e Envoyer ou d\u00e9poser, avec votre r\u00e8glement, \u00e0Orgues en Val d&#8217;H\u00e9rault28 chemin du P\u00e8re Maurel34300 AGDE Vous pouvez aussi effectuer un virement bancaire, voir RIB sur le bulletin: n&#8217;oubliez pas d&#8217;envoyer par mail vos coordonn\u00e9es! Vous recevrez votre re\u00e7u et serez inform\u00e9(e) &hellip; <a href=\"http:\/\/orgues-agde.fr\/index.php\/devenir-membre\/\" class=\"more-link\">Continue reading <span class=\"screen-reader-text\">Devenir membre<\/span><\/a><\/p>\n","protected":false},"author":1,"featured_media":0,"parent":0,"menu_order":0,"comment_status":"closed","ping_status":"closed","template":"","meta":{"footnotes":""},"_links":{"self":[{"href":"http:\/\/orgues-agde.fr\/index.php\/wp-json\/wp\/v2\/pages\/38"}],"collection":[{"href":"http:\/\/orgues-agde.fr\/index.php\/wp-json\/wp\/v2\/pages"}],"about":[{"href":"http:\/\/orgues-agde.fr\/index.php\/wp-json\/wp\/v2\/types\/page"}],"author":[{"embeddable":true,"href":"http:\/\/orgues-agde.fr\/index.php\/wp-json\/wp\/v2\/users\/1"}],"replies":[{"embeddable":true,"href":"http:\/\/orgues-agde.fr\/index.php\/wp-json\/wp\/v2\/comments?post=38"}],"version-history":[{"count":16,"href":"http:\/\/orgues-agde.fr\/index.php\/wp-json\/wp\/v2\/pages\/38\/revisions"}],"predecessor-version":[{"id":662,"href":"http:\/\/orgues-agde.fr\/index.php\/wp-json\/wp\/v2\/pages\/38\/revisions\/662"}],"wp:attachment":[{"href":"http:\/\/orgues-agde.fr\/index.php\/wp-json\/wp\/v2\/media?parent=38"}],"curies":[{"name":"wp","href":"https:\/\/api.w.org\/{rel}","templated":true}]}}