{"id":114,"date":"2017-05-06T10:32:31","date_gmt":"2017-05-06T09:32:31","guid":{"rendered":"http:\/\/orgues-agde.fr\/?page_id=114"},"modified":"2017-05-06T10:45:52","modified_gmt":"2017-05-06T09:45:52","slug":"orgue-de-st-thibery","status":"publish","type":"page","link":"http:\/\/orgues-agde.fr\/index.php\/orgue-de-st-thibery\/","title":{"rendered":"Orgue de St Thib\u00e9ry"},"content":{"rendered":"<figure id=\"attachment_105\" aria-describedby=\"caption-attachment-105\" style=\"width: 177px\" class=\"wp-caption alignleft\"><img loading=\"lazy\" decoding=\"async\" class=\" wp-image-105\" src=\"http:\/\/orgues-agde.fr\/wp-content\/uploads\/2017\/05\/St-Thibery-abbatiale-2-300x200.jpg\" alt=\"Abbatiale de St Thib\u00e9ry\" width=\"177\" height=\"118\" srcset=\"http:\/\/orgues-agde.fr\/wp-content\/uploads\/2017\/05\/St-Thibery-abbatiale-2-300x200.jpg 300w, http:\/\/orgues-agde.fr\/wp-content\/uploads\/2017\/05\/St-Thibery-abbatiale-2.jpg 448w\" sizes=\"(max-width: 177px) 100vw, 177px\" \/><figcaption id=\"caption-attachment-105\" class=\"wp-caption-text\">Abbatiale de St Thib\u00e9ry<\/figcaption><\/figure>\n<figure id=\"attachment_116\" aria-describedby=\"caption-attachment-116\" style=\"width: 97px\" class=\"wp-caption alignright\"><img loading=\"lazy\" decoding=\"async\" class=\"wp-image-116\" src=\"http:\/\/orgues-agde.fr\/wp-content\/uploads\/2017\/05\/Vitrail-St-Thibery-255x300.jpg\" alt=\"Vitrail St Thibery\" width=\"97\" height=\"114\" srcset=\"http:\/\/orgues-agde.fr\/wp-content\/uploads\/2017\/05\/Vitrail-St-Thibery-255x300.jpg 255w, http:\/\/orgues-agde.fr\/wp-content\/uploads\/2017\/05\/Vitrail-St-Thibery.jpg 336w\" sizes=\"(max-width: 97px) 100vw, 97px\" \/><figcaption id=\"caption-attachment-116\" class=\"wp-caption-text\">St Thib\u00e9ry<\/figcaption><\/figure>\n<p>Au milieu du XVIII si\u00e8cle, les b\u00e9n\u00e9dictins installent un orgue dans la tribune d\u2019une chapelle de l\u2019abbatiale. Cet orgue est construit par <a href=\"https:\/\/fr.wikipedia.org\/wiki\/Dom_B%C3%A9dos_de_Celles\"><span style=\"color: #800080;\"><strong>DOM BEDOS DE CELLES<\/strong><\/span><\/a>, b\u00e9n\u00e9dictin mauriste qui a r\u00e9sid\u00e9 plusieurs ann\u00e9es dans l\u2019abbaye.<br \/>\nEn l\u2019an XIII de la R\u00e9publique (environ 1805), l\u2019orgue de l\u2019abbatiale est vendu et\u00a0 install\u00e9 \u00e0 <a href=\"https:\/\/fr.wikipedia.org\/wiki\/Basilique_Notre-Dame_des_Tables\"><strong>Notre Dame des Tables \u00e0 Montpellier<\/strong><\/a>\u00a0 o\u00f9 on peut le voir encore aujourd\u2019hui.<\/p>\n<figure id=\"attachment_106\" aria-describedby=\"caption-attachment-106\" style=\"width: 170px\" class=\"wp-caption alignright\"><img loading=\"lazy\" decoding=\"async\" class=\" wp-image-106\" src=\"http:\/\/orgues-agde.fr\/wp-content\/uploads\/2017\/05\/St-Thibery-console-300x200.jpg\" alt=\"Console de l'orgue de St Thib\u00e9ry\" width=\"170\" height=\"113\" srcset=\"http:\/\/orgues-agde.fr\/wp-content\/uploads\/2017\/05\/St-Thibery-console-300x200.jpg 300w, http:\/\/orgues-agde.fr\/wp-content\/uploads\/2017\/05\/St-Thibery-console.jpg 448w\" sizes=\"(max-width: 170px) 100vw, 170px\" \/><figcaption id=\"caption-attachment-106\" class=\"wp-caption-text\">Console de l&#8217;orgue de St Thib\u00e9ry<\/figcaption><\/figure>\n<p>Mais dans les ann\u00e9es 1970, l\u2019abb\u00e9 <strong>Henri Cazes<\/strong>, alors cur\u00e9 de notre paroisse eut l\u2019occasion d\u2019acqu\u00e9rir les orgues d\u2019une chapelle de Versailles, appartenant aux S\u0153urs Auxiliatrices du Purgatoire et de remplacer ainsi celles dont nous avions \u00e9t\u00e9 d\u00e9pouill\u00e9s en 1808. Ces orgues datent du d\u00e9but du XX\u00e8me si\u00e8cle. Durant une dizaine d\u2019ann\u00e9es, les orgues ont donc accompagn\u00e9 les c\u00e9l\u00e9brations puis se sont tues.<\/p>\n<p>Depuis 2009, un petit groupe de Saint Thib\u00e9riens a d\u00e9cid\u00e9 de faire r\u00e9nover les orgues, convaincu de la valeur de ce bel instrument digne de r\u00e9sonner de nouveau dans l\u2019abbatiale.<img loading=\"lazy\" decoding=\"async\" class=\" wp-image-110 alignleft\" src=\"http:\/\/orgues-agde.fr\/wp-content\/uploads\/2017\/05\/St-Thibery-tuyaux3-200x300.jpg\" alt=\"St Thibery tuyaux3\" width=\"105\" height=\"158\" srcset=\"http:\/\/orgues-agde.fr\/wp-content\/uploads\/2017\/05\/St-Thibery-tuyaux3-200x300.jpg 200w, http:\/\/orgues-agde.fr\/wp-content\/uploads\/2017\/05\/St-Thibery-tuyaux3.jpg 299w\" sizes=\"(max-width: 105px) 100vw, 105px\" \/> <img loading=\"lazy\" decoding=\"async\" class=\" wp-image-111 alignleft\" src=\"http:\/\/orgues-agde.fr\/wp-content\/uploads\/2017\/05\/StThibery-Montre-200x300.jpg\" alt=\"StThibery Montre\" width=\"104\" height=\"156\" srcset=\"http:\/\/orgues-agde.fr\/wp-content\/uploads\/2017\/05\/StThibery-Montre-200x300.jpg 200w, http:\/\/orgues-agde.fr\/wp-content\/uploads\/2017\/05\/StThibery-Montre.jpg 299w\" sizes=\"(max-width: 104px) 100vw, 104px\" \/> Des r\u00e9parations ont eu lieu: tout d\u2019abord la r\u00e9paration du toit car la pluie endommageait le buffet et les tuyaux, puis la r\u00e9novation des orgues. Gr\u00e2ce \u00e0 la g\u00e9n\u00e9rosit\u00e9 de la municipalit\u00e9 et de la communaut\u00e9 <img loading=\"lazy\" decoding=\"async\" class=\"wp-image-108 alignright\" src=\"http:\/\/orgues-agde.fr\/wp-content\/uploads\/2017\/05\/St-Thibery-tuyaux-300x200.jpg\" alt=\"St Thibery tuyaux\" width=\"131\" height=\"87\" srcset=\"http:\/\/orgues-agde.fr\/wp-content\/uploads\/2017\/05\/St-Thibery-tuyaux-300x200.jpg 300w, http:\/\/orgues-agde.fr\/wp-content\/uploads\/2017\/05\/St-Thibery-tuyaux.jpg 448w\" sizes=\"(max-width: 131px) 100vw, 131px\" \/>d\u2019agglom\u00e9rations <a href=\"http:\/\/www.agglo-heraultmediterranee.net\/\"><span style=\"color: #800080;\">H\u00e9rault-M\u00e9diterran\u00e9e<\/span><\/a>, le talent de <span style=\"color: #800080;\">Charles Sarelot, <a href=\"http:\/\/www.grandes-orgues.com\/\">Facteur d&#8217;Org<\/a><\/span><span style=\"color: #800080;\"><span style=\"color: #333333;\">ues<\/span> \u00e0 Lod\u00e8ve<\/span>, a rendu tout leur souffle aux orgues. On peut les <img loading=\"lazy\" decoding=\"async\" class=\"wp-image-109 alignright\" src=\"http:\/\/orgues-agde.fr\/wp-content\/uploads\/2017\/05\/St-Thibery-tuyaux2-300x200.jpg\" alt=\"St Thibery tuyaux2\" width=\"131\" height=\"87\" srcset=\"http:\/\/orgues-agde.fr\/wp-content\/uploads\/2017\/05\/St-Thibery-tuyaux2-300x200.jpg 300w, http:\/\/orgues-agde.fr\/wp-content\/uploads\/2017\/05\/St-Thibery-tuyaux2.jpg 448w\" sizes=\"(max-width: 131px) 100vw, 131px\" \/>entendre \u00e0 toutes les f\u00eates du calendrier liturgique, ainsi qu&#8217;\u00e0 des concerts organis\u00e9s depuis leur inauguration en septembre 2015.<\/p>\n<p><span style=\"color: #800080;\"><strong>Fiche de l&#8217;Organiste<\/strong><\/span><\/p>\n","protected":false},"excerpt":{"rendered":"<p>Au milieu du XVIII si\u00e8cle, les b\u00e9n\u00e9dictins installent un orgue dans la tribune d\u2019une chapelle de l\u2019abbatiale. Cet orgue est construit par DOM BEDOS DE CELLES, b\u00e9n\u00e9dictin mauriste qui a r\u00e9sid\u00e9 plusieurs ann\u00e9es dans l\u2019abbaye. En l\u2019an XIII de la R\u00e9publique (environ 1805), l\u2019orgue de l\u2019abbatiale est vendu et\u00a0 install\u00e9 \u00e0 Notre Dame des Tables &hellip; <a href=\"http:\/\/orgues-agde.fr\/index.php\/orgue-de-st-thibery\/\" class=\"more-link\">Continue reading <span class=\"screen-reader-text\">Orgue de St Thib\u00e9ry<\/span><\/a><\/p>\n","protected":false},"author":1,"featured_media":0,"parent":0,"menu_order":0,"comment_status":"closed","ping_status":"closed","template":"","meta":{"footnotes":""},"_links":{"self":[{"href":"http:\/\/orgues-agde.fr\/index.php\/wp-json\/wp\/v2\/pages\/114"}],"collection":[{"href":"http:\/\/orgues-agde.fr\/index.php\/wp-json\/wp\/v2\/pages"}],"about":[{"href":"http:\/\/orgues-agde.fr\/index.php\/wp-json\/wp\/v2\/types\/page"}],"author":[{"embeddable":true,"href":"http:\/\/orgues-agde.fr\/index.php\/wp-json\/wp\/v2\/users\/1"}],"replies":[{"embeddable":true,"href":"http:\/\/orgues-agde.fr\/index.php\/wp-json\/wp\/v2\/comments?post=114"}],"version-history":[{"count":4,"href":"http:\/\/orgues-agde.fr\/index.php\/wp-json\/wp\/v2\/pages\/114\/revisions"}],"predecessor-version":[{"id":122,"href":"http:\/\/orgues-agde.fr\/index.php\/wp-json\/wp\/v2\/pages\/114\/revisions\/122"}],"wp:attachment":[{"href":"http:\/\/orgues-agde.fr\/index.php\/wp-json\/wp\/v2\/media?parent=114"}],"curies":[{"name":"wp","href":"https:\/\/api.w.org\/{rel}","templated":true}]}}